{"id":2213,"date":"2022-04-14T12:01:15","date_gmt":"2022-04-14T12:01:15","guid":{"rendered":"https:\/\/www.madoquaventures.com\/?page_id=2213"},"modified":"2022-04-17T11:38:20","modified_gmt":"2022-04-17T11:38:20","slug":"politica-de-cookies","status":"publish","type":"page","link":"https:\/\/madoqua.com\/pt-pt\/politica-de-cookies\/","title":{"rendered":"Pol\u00edtica de Cookies"},"content":{"rendered":"\t\t<div data-elementor-type=\"wp-post\" data-elementor-id=\"2213\" class=\"elementor elementor-2213 elementor-2212\">\n\t\t\t\t\t\t<section class=\"elementor-section elementor-top-section elementor-element elementor-element-7116a5b2 elementor-section-boxed elementor-section-height-default elementor-section-height-default\" data-id=\"7116a5b2\" data-element_type=\"section\" data-e-type=\"section\" data-settings=\"{&quot;background_background&quot;:&quot;classic&quot;}\">\n\t\t\t\t\t\t\t<div class=\"elementor-background-overlay\"><\/div>\n\t\t\t\t\t\t\t<div class=\"elementor-container elementor-column-gap-no\">\n\t\t\t\t\t<div class=\"elementor-column elementor-col-100 elementor-top-column elementor-element elementor-element-6439be06\" data-id=\"6439be06\" data-element_type=\"column\" data-e-type=\"column\" data-settings=\"{&quot;background_background&quot;:&quot;classic&quot;}\">\n\t\t\t<div class=\"elementor-widget-wrap elementor-element-populated\">\n\t\t\t\t\t\t<div class=\"elementor-element elementor-element-198df6ee elementor-widget elementor-widget-heading\" data-id=\"198df6ee\" data-element_type=\"widget\" data-e-type=\"widget\" data-widget_type=\"heading.default\">\n\t\t\t\t<div class=\"elementor-widget-container\">\n\t\t\t\t\t<h1 class=\"elementor-heading-title elementor-size-default\">Pol\u00edtica de Cookies<\/h1>\t\t\t\t<\/div>\n\t\t\t\t<\/div>\n\t\t\t\t\t<\/div>\n\t\t<\/div>\n\t\t\t\t\t<\/div>\n\t\t<\/section>\n\t\t\t\t<section class=\"elementor-section elementor-top-section elementor-element elementor-element-871babd elementor-section-boxed elementor-section-height-default elementor-section-height-default\" data-id=\"871babd\" data-element_type=\"section\" data-e-type=\"section\">\n\t\t\t\t\t\t<div class=\"elementor-container elementor-column-gap-no\">\n\t\t\t\t\t<div class=\"elementor-column elementor-col-100 elementor-top-column elementor-element elementor-element-7e966216\" data-id=\"7e966216\" data-element_type=\"column\" data-e-type=\"column\">\n\t\t\t<div class=\"elementor-widget-wrap elementor-element-populated\">\n\t\t\t\t\t\t<div class=\"elementor-element elementor-element-1839ef5 elementor-widget elementor-widget-heading\" data-id=\"1839ef5\" data-element_type=\"widget\" data-e-type=\"widget\" data-widget_type=\"heading.default\">\n\t\t\t\t<div class=\"elementor-widget-container\">\n\t\t\t\t\t<h6 class=\"elementor-heading-title elementor-size-default\">\u00daltima Atualiza\u00e7\u00e3o: [14\/04\/2022]<\/h6>\t\t\t\t<\/div>\n\t\t\t\t<\/div>\n\t\t\t\t<div class=\"elementor-element elementor-element-46d8a17c elementor-widget-divider--view-line elementor-widget elementor-widget-divider\" data-id=\"46d8a17c\" data-element_type=\"widget\" data-e-type=\"widget\" data-widget_type=\"divider.default\">\n\t\t\t\t<div class=\"elementor-widget-container\">\n\t\t\t\t\t\t\t<div class=\"elementor-divider\">\n\t\t\t<span class=\"elementor-divider-separator\">\n\t\t\t\t\t\t<\/span>\n\t\t<\/div>\n\t\t\t\t\t\t<\/div>\n\t\t\t\t<\/div>\n\t\t\t\t<div class=\"elementor-element elementor-element-4bef784e elementor-widget elementor-widget-text-editor\" data-id=\"4bef784e\" data-element_type=\"widget\" data-e-type=\"widget\" data-widget_type=\"text-editor.default\">\n\t\t\t\t<div class=\"elementor-widget-container\">\n\t\t\t\t\t\t\t\t\t<p>Esta Pol\u00edtica de Cookies explica como usamos cookies e tecnologias semelhantes para reconhecer quando voc\u00ea visita o nosso website www.madoquaventures.com (<strong>o nosso site<\/strong>). Aqui nos explicamos o que s\u00e3o essas tecnologias e porque as usamos, bem como os seus direitos de controlar o nosso uso delas.<\/p><h3>O que s\u00e3o cookies?<\/h3><p>Como \u00e9 pr\u00e1tica comum em quase todos os websites profissionais, o nosso site usa cookies, que s\u00e3o pequenos arquivos de dados que s\u00e3o colocados no seu computador ou dispositivo m\u00f3vel quando voc\u00ea visita um website, com o objetivo de melhorar a sua experi\u00eancia. Os cookies definidos pela Madoqua Ventures B.V. (<strong>N\u00f3s<\/strong>) s\u00e3o chamados \u201ccookies prim\u00e1rios\u201d. Os cookies definidos por terceiros s\u00e3o chamados \u201ccookies de terceiros\u201d. Os cookies de terceiros permitem que recursos ou funcionalidades de terceiros sejam fornecidos no website ou por meio dele (por exemplo, publicidade, conte\u00fado interativo e an\u00e1lises). As partes que definem esses cookies de terceiros podem reconhecer o seu computador quando visita o site em quest\u00e3o e tamb\u00e9m quando visita outros sites.<\/p><h3>Por que usamos cookies?<\/h3><p>Usamos cookies por v\u00e1rios motivos detalhados abaixo, n\u00f3s apenas recolhemos cookies que s\u00e3o absolutamente necess\u00e1rios. Infelizmente, na maioria dos casos, n\u00e3o h\u00e1 possibilidade para desabilitar cookies sem desabilitar completamente a funcionalidade e os recursos que eles adicionam a este website. \u00c9 recomend\u00e1vel que use todos os cookies se n\u00e3o tiver certeza se precisa deles ou n\u00e3o. Usamos cookies pr\u00f3prios e de terceiros por v\u00e1rios motivos. Alguns cookies s\u00e3o necess\u00e1rios por motivos t\u00e9cnicos para que o nosso website funcione, e n\u00f3s referimo-nos a eles como cookies \u201cessenciais\u201d ou \u201cestritamente necess\u00e1rios\u201d. Outros cookies tamb\u00e9m nos permitem rastrear e direcionar os interesses de nossos clients para o melhoramento da experi\u00eancia do utilizador no nosso website. Terceiros servem cookies atrav\u00e9s do nosso website para publicidade, an\u00e1lises e outros fins. Isso \u00e9 descrito com mais detalhes abaixo. Os tipos espec\u00edficos de cookies pr\u00f3prios e de terceiros servidos atrav\u00e9s do nosso website e as finalidades que desempenham est\u00e3o descritos abaixo:<\/p><ul><li><strong>\u201c<\/strong><strong>Cookies<\/strong> <strong>Estritamente<\/strong><strong> Necess\u00e1rios\u201d<\/strong>, que devem ser configurados para nos permitir entregar o website a si e fornecer servi\u00e7os espec\u00edficos que solicite de N\u00f3s. Os servi\u00e7os oferecidos por este website que requerem cookies para funcionar incluem: login da conta (se e quando dispon\u00edvel) e recursos de coment\u00e1rios\/blog (se e quando dispon\u00edvel).<\/li><li><strong>\u201cCookies de Desempenho\u201d ou \u201cCookies de An\u00e1lise\u201d<\/strong>, que nos ajudam na recolha das informa\u00e7\u00f5es sobre como os visitantes usam o nosso website e nos ajudam na an\u00e1lise e a melhorar o website. Os cookies de desempenho ou anal\u00edticos permanecer\u00e3o no seu computador mesmo depois de voc\u00ea fechar o navegador.<\/li><li><strong>\u201cCookies Funcionalidade\u201d<\/strong>, que permitem ao nosso website lembrar-se das suas escolhas ou prefer\u00eancias, como informa\u00e7\u00f5es em formul\u00e1rios online. Esses cookies permitem-nos oferecer uma experi\u00eancia personalizada ao usar o website. Eles n\u00e3o s\u00e3o usados \u200b\u200bpara rastrear a sua atividade de navega\u00e7\u00e3o em outros websites.<\/li><li><strong>&#8220;Cookies de Objetivo&#8221;<\/strong>, que s\u00e3o usados \u200b\u200bpara fornecer publicidade mais relevante para si e para os seus interesses. Eles tamb\u00e9m s\u00e3o usados \u200b\u200bpara limitar o n\u00famero de vezes que voc\u00ea v\u00ea um an\u00fancio, al\u00e9m de nos ajudar a medir a efic\u00e1cia das campanhas publicit\u00e1rias. Geralmente os <strong>cookies de Objetivo <\/strong>s\u00e3o colocados por redes de publicidade com a nossa permiss\u00e3o. Eles -se de si ao visitar um website e essas informa\u00e7\u00f5es s\u00e3o compartilhadas com outras organiza\u00e7\u00f5es, como anunciantes. Muitas vezes, os cookies de segmenta\u00e7\u00e3o ou publicidade ser\u00e3o vinculados \u00e0 funcionalidade do website fornecida pela outra organiza\u00e7\u00e3o. Ent\u00e3o, basicamente, esses cookies recolhem informa\u00e7\u00f5es sobre os seus h\u00e1bitos de navega\u00e7\u00e3o para tornar a publicidade relevante para voc\u00ea e para os seus interesses.<\/li><\/ul><h3>Sobre outras tecnologias de rastreamento, como Web Beacons?<\/h3><p>Os cookies n\u00e3o s\u00e3o a \u00fanica maneira de reconhecer ou rastrear os visitantes de um website. Podemos usar outras tecnologias semelhantes, de tempos em tempos, como web beacons (\u00e0s vezes chamados com \u201cpixels de rastreamento\u201d ou \u201cclear gifs\u201d). S\u00e3o pequenos arquivos gr\u00e1ficos que cont\u00eam um identificador \u00fanico que nos permite reconhecer quando algu\u00e9m visitou nosso website ou abriu um e-mail que enviamos. Isso nos permite, por exemplo, monitorar os padr\u00f5es de tr\u00e1fego dos utilizadores no nosso website, entregar ou comunicar com cookies, entender se voc\u00ea chegou ao nosso site a partir de um an\u00fancio online exibido com um website de terceiros, para melhorar o desempenho do website, e para medir o sucesso das campanhas de e-mail marketing. Em muitos casos, essas tecnologias dependem de cookies para funcionar corretamente e, portanto, recusar os cookies vai prejudicar funcionamento.<\/p><h3>Como pode controlar os cookies?<\/h3><p>Voc\u00ea tem o direito de decidir se aceita ou rejeita os cookies. Voc\u00ea podem impedir a configura\u00e7\u00e3o de cookies ajustando configura\u00e7\u00f5es do seu navegador (consulte a Ajuda do seu navegador para saber como fazer). Esteja ciente de que a desativa\u00e7\u00e3o de cookies afetar\u00e1 a funcionalidade deste e de muitos outros websites que visita. A desativa\u00e7\u00e3o de cookies geralmente resultar\u00e1 na desativa\u00e7\u00e3o de certas funcionalidades e recursos do nosso website. Portanto, \u00e9 recomend\u00e1vel que n\u00e3o desative os cookies.\u00a0<\/p><h3>Quais os cookies usamos no nosso website?<\/h3><p>A parte inferior desta Pol\u00edtica de Cookies lista os cookies prim\u00e1rios que N\u00f3s usamos.<\/p><h3>Com que frequ\u00eancia atualizaremos esta pol\u00edtica de cookies?<\/h3><p>N\u00f3s podemos atualizar esta Pol\u00edtica de Cookies, de tempo a tempo, para refletir, por exemplo, altera\u00e7\u00f5es dos cookies que usamos ou por outros motivos operacionais, legais ou regulat\u00f3rios. Por isso, reveja esta Pol\u00edtica de Cookies regularmente para se manter informado sobre o uso de cookies e tecnologias relacionadas. A data no topo desta Pol\u00edtica de Cookies indica quando foi a \u00faltima atualiza\u00e7\u00e3o.<\/p><h3>Onde posso obter mais informa\u00e7\u00f5es?<\/h3><p>Se tiver alguma d\u00favida sobre o uso de cookies ou outras tecnologias, entre em contato connosco: <a href=\"mailto:info@madoquaventures.com\">info@madoquaventures.com<\/a><\/p><table width=\"709\"><tbody><tr><td width=\"189\"><p><strong>Nome do cookie<\/strong><\/p><\/td><td width=\"378\"><p><strong>Descri\u00e7\u00e3o<\/strong><\/p><\/td><td width=\"142\"><p><strong>Expira em<\/strong><\/p><\/td><\/tr><tr><td width=\"189\"><p>i18n_redirected<\/p><\/td><td width=\"378\"><p>Para detectar e armazenar as configura\u00e7\u00f5es de idioma dos navegadores.<\/p><\/td><td width=\"142\"><p>12 meses<\/p><\/td><\/tr><tr><td width=\"189\"><p>listra_mid<\/p><\/td><td width=\"378\"><p>O Stripe \u00e9 usado para fazer pagamentos com cart\u00e3o de cr\u00e9dito. Stripe_mid \u00e9 usado para lembrar quem voc\u00ea \u00e9 e para permitir que o website processe pagamentos sem armazenar nenhuma informa\u00e7\u00e3o de cart\u00e3o de cr\u00e9dito nos seus pr\u00f3prios servidores.<\/p><\/td><td width=\"142\"><p>Imediatamente<\/p><\/td><\/tr><tr><td width=\"189\"><p>G_AUTHUSER_H<\/p><\/td><td width=\"378\"><p>O objetivo do G_Authuser_H \u00e9 autenticar utilizadores, impedir o uso fraudulento de credenciais de login, proteger os dados do utilizador de terceiros n\u00e3o autorizados, bem como lembrar as suas prefer\u00eancias e outras informa\u00e7\u00f5es, como o seu idioma preferido.<\/p><\/td><td width=\"142\"><p>6 meses<\/p><\/td><\/tr><tr><td width=\"189\"><p>sf-id<\/p><\/td><td width=\"378\"><p>Sf-id \u00e9 um cookie de sess\u00e3o para registrar informa\u00e7\u00f5es de autentica\u00e7\u00e3o criptografadas durante uma sess\u00e3o espec\u00edfica. O cookie n\u00e3o armazena outras informa\u00e7\u00f5es confidenciais de utilizador e sess\u00e3o, mas implementa m\u00e9todos de seguran\u00e7a mais avan\u00e7ados com base em dados din\u00e2micos e IDs de sess\u00e3o codificados.<\/p><\/td><td width=\"142\"><p>Imediatamente<\/p><\/td><\/tr><tr><td width=\"189\"><p>G_ENABLED_IDPS<\/p><\/td><td width=\"378\"><p>G_ENABLED_IDPS lembra que voc\u00ea visitou um website e ajuda a melhorar o conte\u00fado que voc\u00ea v\u00ea. Tamb\u00e9m permite a partilha de conte\u00fado via redes sociais.<\/p><\/td><td width=\"142\"><p>6 meses<\/p><\/td><\/tr><tr><td width=\"189\"><p>_gat_gtag_UA_196388200_1<\/p><\/td><td width=\"378\"><p>Usado para limitar a taxa de solicita\u00e7\u00e3o. Se o Google Analytics for implantado por meio do Google Tag Manager, esse cookie ser\u00e1 denominado _dc_gtm_.<\/p><\/td><td width=\"142\"><p>1 minuto<\/p><\/td><\/tr><tr><td width=\"189\"><p>_gid<\/p><\/td><td width=\"378\"><p>Usado para distinguir utilizadores.<\/p><\/td><td width=\"142\"><p>24 horas<\/p><\/td><\/tr><tr><td width=\"189\"><p>_ga<\/p><\/td><td width=\"378\"><p>Usado para distinguir utilizadores.<\/p><\/td><td width=\"142\"><p>2 anos<\/p><\/td><\/tr><\/tbody><\/table><p>\u00a0<\/p>\t\t\t\t\t\t\t\t<\/div>\n\t\t\t\t<\/div>\n\t\t\t\t\t<\/div>\n\t\t<\/div>\n\t\t\t\t\t<\/div>\n\t\t<\/section>\n\t\t\t\t<section class=\"elementor-section elementor-top-section elementor-element elementor-element-5dd8a8e6 elementor-section-boxed elementor-section-height-default elementor-section-height-default\" data-id=\"5dd8a8e6\" data-element_type=\"section\" data-e-type=\"section\" data-settings=\"{&quot;background_background&quot;:&quot;classic&quot;}\">\n\t\t\t\t\t\t<div class=\"elementor-container elementor-column-gap-no\">\n\t\t\t\t\t<div class=\"elementor-column elementor-col-100 elementor-top-column elementor-element elementor-element-4701e399\" data-id=\"4701e399\" data-element_type=\"column\" data-e-type=\"column\" data-settings=\"{&quot;background_background&quot;:&quot;classic&quot;}\">\n\t\t\t<div class=\"elementor-widget-wrap elementor-element-populated\">\n\t\t\t\t\t\t<div class=\"elementor-element elementor-element-6ed2fe38 elementor-widget elementor-widget-heading\" data-id=\"6ed2fe38\" data-element_type=\"widget\" data-e-type=\"widget\" data-widget_type=\"heading.default\">\n\t\t\t\t<div class=\"elementor-widget-container\">\n\t\t\t\t\t<h2 class=\"elementor-heading-title elementor-size-default\">Contacto<\/h2>\t\t\t\t<\/div>\n\t\t\t\t<\/div>\n\t\t\t\t<div class=\"elementor-element elementor-element-539f45ae elementor-widget-divider--view-line elementor-widget elementor-widget-divider\" data-id=\"539f45ae\" data-element_type=\"widget\" data-e-type=\"widget\" data-widget_type=\"divider.default\">\n\t\t\t\t<div class=\"elementor-widget-container\">\n\t\t\t\t\t\t\t<div class=\"elementor-divider\">\n\t\t\t<span class=\"elementor-divider-separator\">\n\t\t\t\t\t\t<\/span>\n\t\t<\/div>\n\t\t\t\t\t\t<\/div>\n\t\t\t\t<\/div>\n\t\t\t\t<div class=\"elementor-element elementor-element-fdc860e elementor-widget elementor-widget-text-editor\" data-id=\"fdc860e\" data-element_type=\"widget\" data-e-type=\"widget\" data-widget_type=\"text-editor.default\">\n\t\t\t\t<div class=\"elementor-widget-container\">\n\t\t\t\t\t\t\t\t\t<p>Se tiver d\u00favidas sobre como recolhemos, armazenamos ou usamos as suas informa\u00e7\u00f5es, entre em contato connosco: <a href=\"mailto:info@madoquaventures.com\">info@madoquaventures.com<\/a><\/p>\t\t\t\t\t\t\t\t<\/div>\n\t\t\t\t<\/div>\n\t\t\t\t\t<\/div>\n\t\t<\/div>\n\t\t\t\t\t<\/div>\n\t\t<\/section>\n\t\t\t\t<section class=\"elementor-section elementor-top-section elementor-element elementor-element-58f0bb5c elementor-section-boxed elementor-section-height-default elementor-section-height-default\" data-id=\"58f0bb5c\" data-element_type=\"section\" data-e-type=\"section\" data-settings=\"{&quot;background_background&quot;:&quot;classic&quot;}\">\n\t\t\t\t\t\t\t<div class=\"elementor-background-overlay\"><\/div>\n\t\t\t\t\t\t\t<div class=\"elementor-container elementor-column-gap-no\">\n\t\t\t\t\t<div class=\"elementor-column elementor-col-100 elementor-top-column elementor-element elementor-element-2d5b82ff\" data-id=\"2d5b82ff\" data-element_type=\"column\" data-e-type=\"column\">\n\t\t\t<div class=\"elementor-widget-wrap elementor-element-populated\">\n\t\t\t\t\t\t<div class=\"elementor-element elementor-element-683430c3 elementor-widget-divider--view-line elementor-widget elementor-widget-divider\" data-id=\"683430c3\" data-element_type=\"widget\" data-e-type=\"widget\" data-widget_type=\"divider.default\">\n\t\t\t\t<div class=\"elementor-widget-container\">\n\t\t\t\t\t\t\t<div class=\"elementor-divider\">\n\t\t\t<span class=\"elementor-divider-separator\">\n\t\t\t\t\t\t<\/span>\n\t\t<\/div>\n\t\t\t\t\t\t<\/div>\n\t\t\t\t<\/div>\n\t\t\t\t<div class=\"elementor-element elementor-element-2c9a982a elementor-widget elementor-widget-heading\" data-id=\"2c9a982a\" data-element_type=\"widget\" data-e-type=\"widget\" data-widget_type=\"heading.default\">\n\t\t\t\t<div class=\"elementor-widget-container\">\n\t\t\t\t\t<h2 class=\"elementor-heading-title elementor-size-default\">Makers of green gases and chemicals<\/h2>\t\t\t\t<\/div>\n\t\t\t\t<\/div>\n\t\t\t\t<div class=\"elementor-element elementor-element-2ec96de7 elementor-widget elementor-widget-text-editor\" data-id=\"2ec96de7\" data-element_type=\"widget\" data-e-type=\"widget\" data-widget_type=\"text-editor.default\">\n\t\t\t\t<div class=\"elementor-widget-container\">\n\t\t\t\t\t\t\t\t\tJust Chemistry Can Save Our PLANET\t\t\t\t\t\t\t\t<\/div>\n\t\t\t\t<\/div>\n\t\t\t\t<div class=\"elementor-element elementor-element-4d64a70b elementor-align-center elementor-widget elementor-widget-button\" data-id=\"4d64a70b\" data-element_type=\"widget\" data-e-type=\"widget\" data-widget_type=\"button.default\">\n\t\t\t\t<div class=\"elementor-widget-container\">\n\t\t\t\t\t\t\t\t\t<div class=\"elementor-button-wrapper\">\n\t\t\t\t\t<a class=\"elementor-button elementor-button-link elementor-size-sm\" href=\"#\">\n\t\t\t\t\t\t<span class=\"elementor-button-content-wrapper\">\n\t\t\t\t\t\t<span class=\"elementor-button-icon\">\n\t\t\t\t<svg xmlns=\"http:\/\/www.w3.org\/2000\/svg\" viewBox=\"0 0 32 32\"><path d=\"M 18.71875 6.78125 L 17.28125 8.21875 L 24.0625 15 L 4 15 L 4 17 L 24.0625 17 L 17.28125 23.78125 L 18.71875 25.21875 L 27.21875 16.71875 L 27.90625 16 L 27.21875 15.28125 Z\"><\/path><\/svg>\t\t\t<\/span>\n\t\t\t\t\t\t\t\t\t<span class=\"elementor-button-text\">Entre Em Contacto Connosco<\/span>\n\t\t\t\t\t<\/span>\n\t\t\t\t\t<\/a>\n\t\t\t\t<\/div>\n\t\t\t\t\t\t\t\t<\/div>\n\t\t\t\t<\/div>\n\t\t\t\t\t<\/div>\n\t\t<\/div>\n\t\t\t\t\t<\/div>\n\t\t<\/section>\n\t\t\t\t<\/div>\n\t\t","protected":false},"excerpt":{"rendered":"<p>Pol\u00edtica de Cookies \u00daltima Atualiza\u00e7\u00e3o: [14\/04\/2022] Esta Pol\u00edtica de Cookies explica como usamos cookies e tecnologias semelhantes para reconhecer quando voc\u00ea visita o nosso website www.madoquaventures.com (o nosso site). Aqui nos explicamos o que s\u00e3o essas tecnologias e porque as usamos, bem como os seus direitos de controlar o nosso uso delas. O que s\u00e3o [&hellip;]<\/p>\n","protected":false},"author":1,"featured_media":0,"parent":0,"menu_order":0,"comment_status":"closed","ping_status":"closed","template":"","meta":{"site-sidebar-layout":"no-sidebar","site-content-layout":"page-builder","ast-site-content-layout":"default","site-content-style":"default","site-sidebar-style":"default","ast-global-header-display":"","ast-banner-title-visibility":"","ast-main-header-display":"","ast-hfb-above-header-display":"","ast-hfb-below-header-display":"","ast-hfb-mobile-header-display":"","site-post-title":"disabled","ast-breadcrumbs-content":"","ast-featured-img":"disabled","footer-sml-layout":"","ast-disable-related-posts":"","theme-transparent-header-meta":"enabled","adv-header-id-meta":"","stick-header-meta":"","header-above-stick-meta":"","header-main-stick-meta":"","header-below-stick-meta":"","astra-migrate-meta-layouts":"default","ast-page-background-enabled":"default","ast-page-background-meta":{"desktop":{"background-color":"","background-image":"","background-repeat":"repeat","background-position":"center center","background-size":"auto","background-attachment":"scroll","background-type":"","background-media":"","overlay-type":"","overlay-color":"","overlay-opacity":"","overlay-gradient":""},"tablet":{"background-color":"","background-image":"","background-repeat":"repeat","background-position":"center center","background-size":"auto","background-attachment":"scroll","background-type":"","background-media":"","overlay-type":"","overlay-color":"","overlay-opacity":"","overlay-gradient":""},"mobile":{"background-color":"","background-image":"","background-repeat":"repeat","background-position":"center center","background-size":"auto","background-attachment":"scroll","background-type":"","background-media":"","overlay-type":"","overlay-color":"","overlay-opacity":"","overlay-gradient":""}},"ast-content-background-meta":{"desktop":{"background-color":"var(--ast-global-color-5)","background-image":"","background-repeat":"repeat","background-position":"center center","background-size":"auto","background-attachment":"scroll","background-type":"","background-media":"","overlay-type":"","overlay-color":"","overlay-opacity":"","overlay-gradient":""},"tablet":{"background-color":"var(--ast-global-color-5)","background-image":"","background-repeat":"repeat","background-position":"center center","background-size":"auto","background-attachment":"scroll","background-type":"","background-media":"","overlay-type":"","overlay-color":"","overlay-opacity":"","overlay-gradient":""},"mobile":{"background-color":"var(--ast-global-color-5)","background-image":"","background-repeat":"repeat","background-position":"center center","background-size":"auto","background-attachment":"scroll","background-type":"","background-media":"","overlay-type":"","overlay-color":"","overlay-opacity":"","overlay-gradient":""}},"footnotes":""},"class_list":["post-2213","page","type-page","status-publish","hentry"],"_links":{"self":[{"href":"https:\/\/madoqua.com\/pt-pt\/wp-json\/wp\/v2\/pages\/2213","targetHints":{"allow":["GET"]}}],"collection":[{"href":"https:\/\/madoqua.com\/pt-pt\/wp-json\/wp\/v2\/pages"}],"about":[{"href":"https:\/\/madoqua.com\/pt-pt\/wp-json\/wp\/v2\/types\/page"}],"author":[{"embeddable":true,"href":"https:\/\/madoqua.com\/pt-pt\/wp-json\/wp\/v2\/users\/1"}],"replies":[{"embeddable":true,"href":"https:\/\/madoqua.com\/pt-pt\/wp-json\/wp\/v2\/comments?post=2213"}],"version-history":[{"count":13,"href":"https:\/\/madoqua.com\/pt-pt\/wp-json\/wp\/v2\/pages\/2213\/revisions"}],"predecessor-version":[{"id":2416,"href":"https:\/\/madoqua.com\/pt-pt\/wp-json\/wp\/v2\/pages\/2213\/revisions\/2416"}],"wp:attachment":[{"href":"https:\/\/madoqua.com\/pt-pt\/wp-json\/wp\/v2\/media?parent=2213"}],"curies":[{"name":"wp","href":"https:\/\/api.w.org\/{rel}","templated":true}]}}