{"id":2249,"date":"2022-04-14T12:24:24","date_gmt":"2022-04-14T12:24:24","guid":{"rendered":"https:\/\/www.madoquaventures.com\/?page_id=2249"},"modified":"2022-04-17T11:36:22","modified_gmt":"2022-04-17T11:36:22","slug":"termos-de-utilizacao","status":"publish","type":"page","link":"https:\/\/madoqua.com\/pt-pt\/termos-de-utilizacao\/","title":{"rendered":"Termos de Utiliza\u00e7\u00e3o"},"content":{"rendered":"\t\t<div data-elementor-type=\"wp-post\" data-elementor-id=\"2249\" class=\"elementor elementor-2249 elementor-2248\">\n\t\t\t\t\t\t<section class=\"elementor-section elementor-top-section elementor-element elementor-element-7116a5b2 elementor-section-boxed elementor-section-height-default elementor-section-height-default\" data-id=\"7116a5b2\" data-element_type=\"section\" data-e-type=\"section\" data-settings=\"{&quot;background_background&quot;:&quot;classic&quot;}\">\n\t\t\t\t\t\t\t<div class=\"elementor-background-overlay\"><\/div>\n\t\t\t\t\t\t\t<div class=\"elementor-container elementor-column-gap-no\">\n\t\t\t\t\t<div class=\"elementor-column elementor-col-100 elementor-top-column elementor-element elementor-element-6439be06\" data-id=\"6439be06\" data-element_type=\"column\" data-e-type=\"column\" data-settings=\"{&quot;background_background&quot;:&quot;classic&quot;}\">\n\t\t\t<div class=\"elementor-widget-wrap elementor-element-populated\">\n\t\t\t\t\t\t<div class=\"elementor-element elementor-element-198df6ee elementor-widget elementor-widget-heading\" data-id=\"198df6ee\" data-element_type=\"widget\" data-e-type=\"widget\" data-widget_type=\"heading.default\">\n\t\t\t\t<div class=\"elementor-widget-container\">\n\t\t\t\t\t<h1 class=\"elementor-heading-title elementor-size-default\">Termos de Utiliza\u00e7\u00e3o<\/h1>\t\t\t\t<\/div>\n\t\t\t\t<\/div>\n\t\t\t\t\t<\/div>\n\t\t<\/div>\n\t\t\t\t\t<\/div>\n\t\t<\/section>\n\t\t\t\t<section class=\"elementor-section elementor-top-section elementor-element elementor-element-871babd elementor-section-boxed elementor-section-height-default elementor-section-height-default\" data-id=\"871babd\" data-element_type=\"section\" data-e-type=\"section\">\n\t\t\t\t\t\t<div class=\"elementor-container elementor-column-gap-no\">\n\t\t\t\t\t<div class=\"elementor-column elementor-col-100 elementor-top-column elementor-element elementor-element-7e966216\" data-id=\"7e966216\" data-element_type=\"column\" data-e-type=\"column\">\n\t\t\t<div class=\"elementor-widget-wrap elementor-element-populated\">\n\t\t\t\t\t\t<div class=\"elementor-element elementor-element-1839ef5 elementor-widget elementor-widget-heading\" data-id=\"1839ef5\" data-element_type=\"widget\" data-e-type=\"widget\" data-widget_type=\"heading.default\">\n\t\t\t\t<div class=\"elementor-widget-container\">\n\t\t\t\t\t<h6 class=\"elementor-heading-title elementor-size-default\">\u00daltima atualiza\u00e7\u00e3o: [14\/04\/2022]<\/h6>\t\t\t\t<\/div>\n\t\t\t\t<\/div>\n\t\t\t\t<div class=\"elementor-element elementor-element-46d8a17c elementor-widget-divider--view-line elementor-widget elementor-widget-divider\" data-id=\"46d8a17c\" data-element_type=\"widget\" data-e-type=\"widget\" data-widget_type=\"divider.default\">\n\t\t\t\t<div class=\"elementor-widget-container\">\n\t\t\t\t\t\t\t<div class=\"elementor-divider\">\n\t\t\t<span class=\"elementor-divider-separator\">\n\t\t\t\t\t\t<\/span>\n\t\t<\/div>\n\t\t\t\t\t\t<\/div>\n\t\t\t\t<\/div>\n\t\t\t\t<div class=\"elementor-element elementor-element-4bef784e elementor-widget elementor-widget-text-editor\" data-id=\"4bef784e\" data-element_type=\"widget\" data-e-type=\"widget\" data-widget_type=\"text-editor.default\">\n\t\t\t\t<div class=\"elementor-widget-container\">\n\t\t\t\t\t\t\t\t\t<p>Estes termos de uso (juntamente com os documentos referidos nele) permitem que voc\u00ea conhe\u00e7a os termos em que pode usar o nosso website www.madoquaventures.com (<strong>o nosso site<\/strong>). Isso inclui aceder, navegar ou registar-se para usar o nosso website. Ao usar o nosso website, voc\u00ea confirma que aceita estes termos de uso e que concorda em cumpri-los. Se voc\u00ea n\u00e3o concordar com estes termos de uso, n\u00e3o deve usar o nosso website.<\/p><h3>Outros Termos Aplic\u00e1veis<\/h3><p>Estes termos de uso referem-se aos seguintes termos adicionais, que tamb\u00e9m se aplicam ao seu uso do nosso website:<\/p><ul><li>O nosso Aviso de Privacidade, que permite que conhe\u00e7a os termos em que n\u00f3s processamos os dados pessoais que coletamos, que voc\u00ea nos fornece ou que recebemos de outras fontes. Ao usar o nosso website, voc\u00ea reconhece que n\u00f3s fazemos recolha dos seus dados e os processaremos de acordo com os termos da Pol\u00edtica de Privacidade e voc\u00ea confirma que todos os dados que nos fornecer s\u00e3o precisos; e<\/li><li>A nossa Pol\u00edtica de Cookies, que fornece informa\u00e7\u00f5es sobre os cookies em nosso website.<\/li><\/ul><h3>Informa\u00e7\u00f5es sobre n\u00f3s<\/h3><p>Nosso website \u00e9 operado pela Madoqua Ventures B.V. (N\u00f3s). Estamos incorporados e registrados nos Pa\u00edses Baixos com o n\u00famero de empresa KVK 84966246 e a nossa sede \u00e9 Madoqua Ventures B.V., De Dinkel 65, 8051 KK, Hattem, Gelderland, Pa\u00edses Baixos.<\/p><p>Para nos contactar, por favor, escreva-nos um email para: <a href=\"mailto:info@madoquaventures.com\">info@madoquaventures.com<\/a><\/p><h3>Sem garantia de informa\u00e7\u00e3o<\/h3><p>O conte\u00fado do nosso site \u00e9 fornecido apenas para informa\u00e7\u00e3o geral. N\u00e3o se destina a ser tomado como um conselho sobre o qual voc\u00eas deve tomar decis\u00f5es. Se voc\u00ea deseja aconselhamento, deve obter ajuda de um profissional antes de fazer qualquer coisa com base no conte\u00fado do nosso website.<\/p><p>N\u00f3s tentamos garantir que as informa\u00e7\u00f5es no nosso website sejam atuais, n\u00e3o fazemos representa\u00e7\u00f5es, garantias expressas ou impl\u00edcitas, de que o conte\u00fado no nosso website seja preciso, completo ou atualizado.<\/p><h3>Altera\u00e7\u00f5es destes termos<\/h3><p>Podemos rever estes termos de uso a qualquer momento, alterando esta p\u00e1gina. Por favor, verifique-a, de tempos a tempos para tomar conhecimento de quaisquer altera\u00e7\u00f5es que possamos fazer, pois elas s\u00e3o obrigat\u00f3rias para si.<\/p><h3>Altera\u00e7\u00f5es em nosso website<\/h3><p>Podemos atualizar nosso website, de tempos em tempos, e podemos alterar o respetivo conte\u00fado a qualquer momento. No entanto, observe que qualquer conte\u00fado no nosso website pode estar desatualizado a qualquer momento e n\u00e3o temos obriga\u00e7\u00e3o de o atualizar para si. N\u00e3o garantimos que o nosso website, ou qualquer conte\u00fado nele, esteja livre de erros ou omiss\u00f5es.<\/p><h3>Acesso ao nosso site<\/h3><p>O nosso website \u00e9 disponibilizado para si gratuitamente. N\u00e3o garantimos que o website, ou qualquer conte\u00fado no nosso website, esteja sempre dispon\u00edvel ou ininterrupto. O seu acesso ao nosso website \u00e9 permitido temporariamente. Podemos suspender, retirar, descontinuar ou alterar todo ou qualquer parte do nosso website sem aviso pr\u00e9vio. N\u00e3o nos responsabilizamos se, por qualquer motivo, o nosso website estiver indispon\u00edvel num determinado momento ou por qualquer per\u00edodo.<\/p><p>Voc\u00ea \u00e9 respons\u00e1vel por tomar as provid\u00eancias necess\u00e1rias para poder aceder ao nosso website. Voc\u00ea tamb\u00e9m \u00e9 respons\u00e1vel por garantir que todas as pessoas que acedam ao nosso website por meio de sua conex\u00e3o com a Internet estejam cientes destes termos de uso e outros termos e condi\u00e7\u00f5es aplic\u00e1veis, e que estejam obrigadas a cumprir.<\/p><h3>Direito de propriedade intelectual<\/h3><p>Somos propriet\u00e1rios ou licenciados de todos os direitos de propriedade intelectual contidos no nosso website e no material publicado. Esses trabalhos s\u00e3o protegidos por leis e tratados em todo o mundo, inclusive em rela\u00e7\u00e3o a direitos autorais e marcas registradas. Todos os direitos s\u00e3o reservados.<\/p><p>Voc\u00ea pode imprimir uma c\u00f3pia e descarregar extratos de qualquer p\u00e1gina(s) do nosso website para uso pessoal e pode chamar a aten\u00e7\u00e3o de outras pessoas para o conte\u00fado publicado no nosso website.<\/p><p>Voc\u00ea n\u00e3o deve modificar o papel ou as c\u00f3pias digitais de qualquer material que tenha impresso ou descarregado de qualquer forma, e n\u00e3o deve usar ilustra\u00e7\u00f5es, fotografias, sequ\u00eancias de v\u00eddeo ou \u00e1udio ou quaisquer gr\u00e1ficos separadamente de qualquer texto que o acompanhe.<\/p><p>O nosso status (e de contribuidores identificados) como autores do conte\u00fado no\u00a0 nosso website deve sempre ser reconhecido.<\/p><p>Voc\u00ea n\u00e3o deve usar qualquer parte do conte\u00fado do nosso website para fins comerciais sem obter, em primeiro lugar, uma licen\u00e7a da nossa parte.<\/p><p>Se voc\u00ea imprimir, copiar ou descarregar qualquer parte de nosso website em viola\u00e7\u00e3o destes termos de uso, o seu direito de usar o nosso website vai ser cessado imediatamente e voc\u00ea dever\u00e1, a nosso pedido, que devolver ou destruir quaisquer c\u00f3pias dos materiais que fez.<\/p><h3>Limita\u00e7\u00e3os de nossa responsabilidade<\/h3><p>Nada nestes termos de uso exclui ou limita a nossa responsabilidade por morte ou danos pessoais decorrentes da nossa neglig\u00eancia, ou fraude da nossa parte ou deturpa\u00e7\u00e3o fraudulenta, ou qualquer outra responsabilidade que n\u00e3o possa ser exclu\u00edda ou limitada pela lei dos Pa\u00edses Baixos ou outra lei aplic\u00e1vel.<\/p><p>Na medida permitida por lei, exclu\u00edmos todas as condi\u00e7\u00f5es, garantias, representa\u00e7\u00f5es ou outros termos que possam ser aplicadas ao nosso site ou a qualquer conte\u00fado no nosso website \u2013 expresso ou impl\u00edcito.<\/p><p>N\u00e3o somos respons\u00e1veis \u200b\u200bperante qualquer utilizador por qualquer perda ou dano, seja em contrato, ato il\u00edcito (incluindo neglig\u00eancia), viola\u00e7\u00e3o de dever legal ou de outra forma, mesmo se previs\u00edvel, em conex\u00e3o com qualquer um dos seguintes (incluindo, mas n\u00e3o limitado a):<\/p><ul><li>Uso ou incapacidade de usar nosso website; ou<\/li><li>Uso ou depend\u00eancia de qualquer conte\u00fado exibido em nosso website.<\/li><\/ul><p>Observe que n\u00e3o nos responsabilizamos por qualquer perda de lucro, perda de neg\u00f3cios, interrup\u00e7\u00e3o de neg\u00f3cios ou perda de oportunidade de neg\u00f3cios que voc\u00eas sofra como resultado do uso do nosso website.<\/p><p>N\u00e3o seremos respons\u00e1veis \u200b\u200bpor qualquer perda ou dano causado por v\u00edrus, ataque distribu\u00eddo de nega\u00e7\u00e3o de servi\u00e7o ou outro material tecnologicamente prejudicial que possa infectar seu equipamento de computador, programas de computador, dados ou outro material propriet\u00e1rio devido ao uso do nosso website ou para voc\u00ea fazer o download de qualquer conte\u00fado, ou em qualquer website vinculado.<\/p><p>O nosso website por vezes vezes cont\u00e9m links para outros websites e recursos fornecidos por terceiros. Esses links s\u00e3o fornecidos apenas para sua informa\u00e7\u00e3o. N\u00e3o temos controle sobre o conte\u00fado desses websites ou recursos. N\u00e3o assumimos nenhuma responsabilidade pelo conte\u00fado dos websites vinculados em nosso website. Esses links n\u00e3o devem ser interpretados como endosso por n\u00f3s desses websites vinculados. N\u00e3o seremos respons\u00e1veis \u200b\u200bpor qualquer perda ou dano que possa surgir do vosso uso destes websites.<\/p><h3>Malware<\/h3><p>N\u00e3o garantimos que nosso website seja seguro ou livre de bugs ou malware. Cabe a si configurar a sua tecnologia da informa\u00e7\u00e3o, programas de computador e plataforma para aceder ao nosso website, e voc\u00ea deve usar o seu pr\u00f3prio software de prote\u00e7\u00e3o contra v\u00edrus.<\/p><p>Voc\u00ea n\u00e3o deve fazer uso indevido de nosso website introduzindo conscientemente trojans, worms, bombas l\u00f3gicas, qualquer outro malware (incluindo v\u00edrus) ou outro material que seja malicioso ou tecnologicamente prejudicial, de qualquer forma para n\u00f3s ou terceiros. Voc\u00ea n\u00e3o deve tentar obter acesso n\u00e3o autorizado ao nosso website, ao servidor no qual nosso website est\u00e1 armazenado ou a qualquer servidor, computador ou banco de dados conectado com o nosso website. Voc\u00ea n\u00e3o deve atacar nosso website por meio de um ataque de nega\u00e7\u00e3o de servi\u00e7o ou um ataque distribu\u00eddo de nega\u00e7\u00e3o de servi\u00e7o. Ao violar esta disposi\u00e7\u00e3o, voc\u00ea cometeria uma ofensa criminal sob a Lei de Uso Indevido de Computador de 1990 e possivelmente outras leis. Denunciaremos qualquer viola\u00e7\u00e3o \u00e0s autoridades policiais relevantes e cooperaremos com essas autoridades divulgando sua identidade a elas. No caso de tal viola\u00e7\u00e3o,<\/p><h3>Lei aplic\u00e1vel<\/h3><p>Observe que estes termos de uso, assunto e a sua forma\u00e7\u00e3o s\u00e3o regidos pela lei dos Pa\u00edses Baixos. Voc\u00ea e N\u00f3s concordamos que os tribunais de Amsterd\u00e3o <em><strong>v\u00e3o\u00a0<\/strong><\/em>ter jurisdi\u00e7\u00e3o exclusiva.<\/p><h3>Marcas registradas<\/h3><p>Voc\u00ea n\u00e3o tem permiss\u00e3o para usar quaisquer marcas registradas pela Madoqua Ventures B.V. sem nossa aprova\u00e7\u00e3o.<\/p>\t\t\t\t\t\t\t\t<\/div>\n\t\t\t\t<\/div>\n\t\t\t\t\t<\/div>\n\t\t<\/div>\n\t\t\t\t\t<\/div>\n\t\t<\/section>\n\t\t\t\t<section class=\"elementor-section elementor-top-section elementor-element elementor-element-5dd8a8e6 elementor-section-boxed elementor-section-height-default elementor-section-height-default\" data-id=\"5dd8a8e6\" data-element_type=\"section\" data-e-type=\"section\" data-settings=\"{&quot;background_background&quot;:&quot;classic&quot;}\">\n\t\t\t\t\t\t<div class=\"elementor-container elementor-column-gap-no\">\n\t\t\t\t\t<div class=\"elementor-column elementor-col-100 elementor-top-column elementor-element elementor-element-4701e399\" data-id=\"4701e399\" data-element_type=\"column\" data-e-type=\"column\" data-settings=\"{&quot;background_background&quot;:&quot;classic&quot;}\">\n\t\t\t<div class=\"elementor-widget-wrap elementor-element-populated\">\n\t\t\t\t\t\t<div class=\"elementor-element elementor-element-6ed2fe38 elementor-widget elementor-widget-heading\" data-id=\"6ed2fe38\" data-element_type=\"widget\" data-e-type=\"widget\" data-widget_type=\"heading.default\">\n\t\t\t\t<div class=\"elementor-widget-container\">\n\t\t\t\t\t<h2 class=\"elementor-heading-title elementor-size-default\">Contacto<\/h2>\t\t\t\t<\/div>\n\t\t\t\t<\/div>\n\t\t\t\t<div class=\"elementor-element elementor-element-539f45ae elementor-widget-divider--view-line elementor-widget elementor-widget-divider\" data-id=\"539f45ae\" data-element_type=\"widget\" data-e-type=\"widget\" data-widget_type=\"divider.default\">\n\t\t\t\t<div class=\"elementor-widget-container\">\n\t\t\t\t\t\t\t<div class=\"elementor-divider\">\n\t\t\t<span class=\"elementor-divider-separator\">\n\t\t\t\t\t\t<\/span>\n\t\t<\/div>\n\t\t\t\t\t\t<\/div>\n\t\t\t\t<\/div>\n\t\t\t\t<div class=\"elementor-element elementor-element-fdc860e elementor-widget elementor-widget-text-editor\" data-id=\"fdc860e\" data-element_type=\"widget\" data-e-type=\"widget\" data-widget_type=\"text-editor.default\">\n\t\t\t\t<div class=\"elementor-widget-container\">\n\t\t\t\t\t\t\t\t\t<p>Se tiver d\u00favidas sobre como coletamos, armazenamos ou usamos suas informa\u00e7\u00f5es, entre em contato connosco: info@madoquaventures.com<\/p>\t\t\t\t\t\t\t\t<\/div>\n\t\t\t\t<\/div>\n\t\t\t\t\t<\/div>\n\t\t<\/div>\n\t\t\t\t\t<\/div>\n\t\t<\/section>\n\t\t\t\t<section class=\"elementor-section elementor-top-section elementor-element elementor-element-58f0bb5c elementor-section-boxed elementor-section-height-default elementor-section-height-default\" data-id=\"58f0bb5c\" data-element_type=\"section\" data-e-type=\"section\" data-settings=\"{&quot;background_background&quot;:&quot;classic&quot;}\">\n\t\t\t\t\t\t\t<div class=\"elementor-background-overlay\"><\/div>\n\t\t\t\t\t\t\t<div class=\"elementor-container elementor-column-gap-no\">\n\t\t\t\t\t<div class=\"elementor-column elementor-col-100 elementor-top-column elementor-element elementor-element-2d5b82ff\" data-id=\"2d5b82ff\" data-element_type=\"column\" data-e-type=\"column\">\n\t\t\t<div class=\"elementor-widget-wrap elementor-element-populated\">\n\t\t\t\t\t\t<div class=\"elementor-element elementor-element-683430c3 elementor-widget-divider--view-line elementor-widget elementor-widget-divider\" data-id=\"683430c3\" data-element_type=\"widget\" data-e-type=\"widget\" data-widget_type=\"divider.default\">\n\t\t\t\t<div class=\"elementor-widget-container\">\n\t\t\t\t\t\t\t<div class=\"elementor-divider\">\n\t\t\t<span class=\"elementor-divider-separator\">\n\t\t\t\t\t\t<\/span>\n\t\t<\/div>\n\t\t\t\t\t\t<\/div>\n\t\t\t\t<\/div>\n\t\t\t\t<div class=\"elementor-element elementor-element-2c9a982a elementor-widget elementor-widget-heading\" data-id=\"2c9a982a\" data-element_type=\"widget\" data-e-type=\"widget\" data-widget_type=\"heading.default\">\n\t\t\t\t<div class=\"elementor-widget-container\">\n\t\t\t\t\t<h2 class=\"elementor-heading-title elementor-size-default\">Makers of green gases and chemicals<\/h2>\t\t\t\t<\/div>\n\t\t\t\t<\/div>\n\t\t\t\t<div class=\"elementor-element elementor-element-2ec96de7 elementor-widget elementor-widget-text-editor\" data-id=\"2ec96de7\" data-element_type=\"widget\" data-e-type=\"widget\" data-widget_type=\"text-editor.default\">\n\t\t\t\t<div class=\"elementor-widget-container\">\n\t\t\t\t\t\t\t\t\tJust Chemistry Can Save Our PLANET\t\t\t\t\t\t\t\t<\/div>\n\t\t\t\t<\/div>\n\t\t\t\t<div class=\"elementor-element elementor-element-4d64a70b elementor-align-center elementor-widget elementor-widget-button\" data-id=\"4d64a70b\" data-element_type=\"widget\" data-e-type=\"widget\" data-widget_type=\"button.default\">\n\t\t\t\t<div class=\"elementor-widget-container\">\n\t\t\t\t\t\t\t\t\t<div class=\"elementor-button-wrapper\">\n\t\t\t\t\t<a class=\"elementor-button elementor-button-link elementor-size-sm\" href=\"#\">\n\t\t\t\t\t\t<span class=\"elementor-button-content-wrapper\">\n\t\t\t\t\t\t<span class=\"elementor-button-icon\">\n\t\t\t\t<svg xmlns=\"http:\/\/www.w3.org\/2000\/svg\" viewBox=\"0 0 32 32\"><path d=\"M 18.71875 6.78125 L 17.28125 8.21875 L 24.0625 15 L 4 15 L 4 17 L 24.0625 17 L 17.28125 23.78125 L 18.71875 25.21875 L 27.21875 16.71875 L 27.90625 16 L 27.21875 15.28125 Z\"><\/path><\/svg>\t\t\t<\/span>\n\t\t\t\t\t\t\t\t\t<span class=\"elementor-button-text\">Entre Em Contacto Connosco<\/span>\n\t\t\t\t\t<\/span>\n\t\t\t\t\t<\/a>\n\t\t\t\t<\/div>\n\t\t\t\t\t\t\t\t<\/div>\n\t\t\t\t<\/div>\n\t\t\t\t\t<\/div>\n\t\t<\/div>\n\t\t\t\t\t<\/div>\n\t\t<\/section>\n\t\t\t\t<\/div>\n\t\t","protected":false},"excerpt":{"rendered":"<p>Termos de Utiliza\u00e7\u00e3o \u00daltima atualiza\u00e7\u00e3o: [14\/04\/2022] Estes termos de uso (juntamente com os documentos referidos nele) permitem que voc\u00ea conhe\u00e7a os termos em que pode usar o nosso website www.madoquaventures.com (o nosso site). Isso inclui aceder, navegar ou registar-se para usar o nosso website. Ao usar o nosso website, voc\u00ea confirma que aceita estes termos [&hellip;]<\/p>\n","protected":false},"author":1,"featured_media":0,"parent":0,"menu_order":0,"comment_status":"closed","ping_status":"closed","template":"","meta":{"site-sidebar-layout":"no-sidebar","site-content-layout":"page-builder","ast-site-content-layout":"default","site-content-style":"default","site-sidebar-style":"default","ast-global-header-display":"","ast-banner-title-visibility":"","ast-main-header-display":"","ast-hfb-above-header-display":"","ast-hfb-below-header-display":"","ast-hfb-mobile-header-display":"","site-post-title":"disabled","ast-breadcrumbs-content":"","ast-featured-img":"disabled","footer-sml-layout":"","ast-disable-related-posts":"","theme-transparent-header-meta":"enabled","adv-header-id-meta":"","stick-header-meta":"","header-above-stick-meta":"","header-main-stick-meta":"","header-below-stick-meta":"","astra-migrate-meta-layouts":"default","ast-page-background-enabled":"default","ast-page-background-meta":{"desktop":{"background-color":"","background-image":"","background-repeat":"repeat","background-position":"center center","background-size":"auto","background-attachment":"scroll","background-type":"","background-media":"","overlay-type":"","overlay-color":"","overlay-opacity":"","overlay-gradient":""},"tablet":{"background-color":"","background-image":"","background-repeat":"repeat","background-position":"center center","background-size":"auto","background-attachment":"scroll","background-type":"","background-media":"","overlay-type":"","overlay-color":"","overlay-opacity":"","overlay-gradient":""},"mobile":{"background-color":"","background-image":"","background-repeat":"repeat","background-position":"center center","background-size":"auto","background-attachment":"scroll","background-type":"","background-media":"","overlay-type":"","overlay-color":"","overlay-opacity":"","overlay-gradient":""}},"ast-content-background-meta":{"desktop":{"background-color":"var(--ast-global-color-5)","background-image":"","background-repeat":"repeat","background-position":"center center","background-size":"auto","background-attachment":"scroll","background-type":"","background-media":"","overlay-type":"","overlay-color":"","overlay-opacity":"","overlay-gradient":""},"tablet":{"background-color":"var(--ast-global-color-5)","background-image":"","background-repeat":"repeat","background-position":"center center","background-size":"auto","background-attachment":"scroll","background-type":"","background-media":"","overlay-type":"","overlay-color":"","overlay-opacity":"","overlay-gradient":""},"mobile":{"background-color":"var(--ast-global-color-5)","background-image":"","background-repeat":"repeat","background-position":"center center","background-size":"auto","background-attachment":"scroll","background-type":"","background-media":"","overlay-type":"","overlay-color":"","overlay-opacity":"","overlay-gradient":""}},"footnotes":""},"class_list":["post-2249","page","type-page","status-publish","hentry"],"_links":{"self":[{"href":"https:\/\/madoqua.com\/pt-pt\/wp-json\/wp\/v2\/pages\/2249","targetHints":{"allow":["GET"]}}],"collection":[{"href":"https:\/\/madoqua.com\/pt-pt\/wp-json\/wp\/v2\/pages"}],"about":[{"href":"https:\/\/madoqua.com\/pt-pt\/wp-json\/wp\/v2\/types\/page"}],"author":[{"embeddable":true,"href":"https:\/\/madoqua.com\/pt-pt\/wp-json\/wp\/v2\/users\/1"}],"replies":[{"embeddable":true,"href":"https:\/\/madoqua.com\/pt-pt\/wp-json\/wp\/v2\/comments?post=2249"}],"version-history":[{"count":11,"href":"https:\/\/madoqua.com\/pt-pt\/wp-json\/wp\/v2\/pages\/2249\/revisions"}],"predecessor-version":[{"id":2415,"href":"https:\/\/madoqua.com\/pt-pt\/wp-json\/wp\/v2\/pages\/2249\/revisions\/2415"}],"wp:attachment":[{"href":"https:\/\/madoqua.com\/pt-pt\/wp-json\/wp\/v2\/media?parent=2249"}],"curies":[{"name":"wp","href":"https:\/\/api.w.org\/{rel}","templated":true}]}}